{"id":5952,"date":"2024-09-11T12:33:37","date_gmt":"2024-09-11T12:33:37","guid":{"rendered":"https:\/\/staging2.liquid-themes.com\/hub-elegant-business\/?page_id=5952"},"modified":"2025-04-30T19:39:36","modified_gmt":"2025-04-30T19:39:36","slug":"contact","status":"publish","type":"page","link":"https:\/\/bpinnovates.com\/fr\/contact\/","title":{"rendered":"Contact"},"content":{"rendered":"<div data-elementor-type=\"wp-page\" data-elementor-id=\"5952\" class=\"elementor elementor-5952\">\n\t\t\t\t\t\t<section class=\"elementor-section elementor-top-section elementor-element elementor-element-8712163 elementor-section-boxed elementor-section-height-default elementor-section-height-default\" data-id=\"8712163\" data-element_type=\"section\" data-e-type=\"section\" data-settings=\"{&quot;background_background&quot;:&quot;classic&quot;}\">\n\t\t\t\t\t\t<div class=\"elementor-container elementor-column-gap-default\">\n\t\t\t\t\t<div class=\"elementor-column elementor-col-66 elementor-top-column elementor-element elementor-element-f6e067c\" data-id=\"f6e067c\" data-element_type=\"column\" data-e-type=\"column\">\n\t\t\t<div class=\"elementor-widget-wrap elementor-element-populated\">\n\t\t\t\t\t\t<div class=\"elementor-element elementor-element-33fc505 elementor-widget elementor-widget-hub_fancy_heading\" data-id=\"33fc505\" data-element_type=\"widget\" data-e-type=\"widget\" data-widget_type=\"hub_fancy_heading.default\">\n\t\t\t\t<div class=\"elementor-widget-container\">\n\t\t\t\t\t\n\t\t<div id=\"ld-fancy-heading-69e736ca958e5\" class=\"ld-fancy-heading pos-rel\">\n\t\t\t<h1 class=\"ld-fh-element d-inline-block pos-rel  elementor-heading-title lqd-highlight-classic lqd-highlight-grow-left h1\"  data-inview=\"true\" data-transition-delay=\"true\" data-delay-options=\"{&quot;elements&quot;:&quot;.lqd-highlight-inner&quot;,&quot;delayType&quot;:&quot;transition&quot;}\" > <span class=\"lqd-adv-txt-item elementor-repeater-item-a4ed96d\">Contact <\/span><span class=\"lqd-adv-txt-item elementor-repeater-item-b988e59\">de nous<\/span><\/h1>\t\t<\/div>\n\n\t\t\t\t\t\t<\/div>\n\t\t\t\t<\/div>\n\t\t\t\t<div class=\"elementor-element elementor-element-179e139 elementor-widget__width-initial elementor-widget-tablet__width-inherit elementor-widget elementor-widget-hub_fancy_heading\" data-id=\"179e139\" data-element_type=\"widget\" data-e-type=\"widget\" data-widget_type=\"hub_fancy_heading.default\">\n\t\t\t\t<div class=\"elementor-widget-container\">\n\t\t\t\t\t\n\t\t<div id=\"ld-fancy-heading-69e736ca965ed\" class=\"ld-fancy-heading pos-rel\">\n\t\t\t<p class=\"ld-fh-element d-inline-block pos-rel  lqd-highlight-classic lqd-highlight-grow-left p\"  > Nous proposons une gamme compl\u00e8te de services de conseil aux entreprises, adapt\u00e9s aux besoins sp\u00e9cifiques de votre organisation. Nous cr\u00e9ons des exp\u00e9riences enrichissantes pour nos clients, nos partenaires, notre \u00e9quipe, nos sous-traitants et notre communaut\u00e9.<\/p>\t\t<\/div>\n\n\t\t\t\t\t\t<\/div>\n\t\t\t\t<\/div>\n\t\t\t\t<div class=\"elementor-element elementor-element-ed68368 elementor-widget elementor-widget-image\" data-id=\"ed68368\" data-element_type=\"widget\" data-e-type=\"widget\" data-widget_type=\"image.default\">\n\t\t\t\t<div class=\"elementor-widget-container\">\n\t\t\t\t\t\t\t\t\t\t\t\t\t\t\t<img fetchpriority=\"high\" decoding=\"async\" width=\"780\" height=\"480\" src=\"https:\/\/bpinnovates.com\/wp-content\/uploads\/2025\/04\/earth-work-1024x630.jpg\" class=\"attachment-large size-large wp-image-10473\" alt=\"\" srcset=\"https:\/\/bpinnovates.com\/wp-content\/uploads\/2025\/04\/earth-work-1024x630.jpg 1024w, https:\/\/bpinnovates.com\/wp-content\/uploads\/2025\/04\/earth-work-300x185.jpg 300w, https:\/\/bpinnovates.com\/wp-content\/uploads\/2025\/04\/earth-work-1536x946.jpg 1536w, https:\/\/bpinnovates.com\/wp-content\/uploads\/2025\/04\/earth-work-2048x1261.jpg 2048w, https:\/\/bpinnovates.com\/wp-content\/uploads\/2025\/04\/earth-work-18x12.jpg 18w\" sizes=\"(max-width: 780px) 100vw, 780px\" \/>\t\t\t\t\t\t\t\t\t\t\t\t\t\t\t<\/div>\n\t\t\t\t<\/div>\n\t\t\t\t\t<\/div>\n\t\t<\/div>\n\t\t\t\t<div class=\"elementor-column elementor-col-33 elementor-top-column elementor-element elementor-element-794744b\" data-id=\"794744b\" data-element_type=\"column\" data-e-type=\"column\">\n\t\t\t<div class=\"elementor-widget-wrap elementor-element-populated\">\n\t\t\t\t\t\t<div class=\"elementor-element elementor-element-b643a67 elementor-widget elementor-widget-image\" data-id=\"b643a67\" data-element_type=\"widget\" data-e-type=\"widget\" data-widget_type=\"image.default\">\n\t\t\t\t<div class=\"elementor-widget-container\">\n\t\t\t\t\t\t\t\t\t\t\t\t\t\t\t<img decoding=\"async\" width=\"417\" height=\"626\" src=\"data:image\/svg+xml;charset=utf-8,%3Csvg xmlns%3D&#039;http%3A%2F%2Fwww.w3.org%2F2000%2Fsvg&#039; viewBox%3D&#039;0 0 417 626&#039;%2F%3E\" class=\"attachment-medium_large size-medium_large wp-image-10478 ld-lazyload\" alt=\"\" data-src=\"https:\/\/bpinnovates.com\/wp-content\/uploads\/2025\/04\/oil-pump-industrial-equipment-sunset-sky-background-rocking-machines-extraction-oil-mining-petroleum-concept_155402-1961.avif\" data-srcset=\"https:\/\/bpinnovates.com\/wp-content\/uploads\/2025\/04\/oil-pump-industrial-equipment-sunset-sky-background-rocking-machines-extraction-oil-mining-petroleum-concept_155402-1961.avif 417w, https:\/\/bpinnovates.com\/wp-content\/uploads\/2025\/04\/oil-pump-industrial-equipment-sunset-sky-background-rocking-machines-extraction-oil-mining-petroleum-concept_155402-1961-200x300.jpg 200w, https:\/\/bpinnovates.com\/wp-content\/uploads\/2025\/04\/oil-pump-industrial-equipment-sunset-sky-background-rocking-machines-extraction-oil-mining-petroleum-concept_155402-1961-8x12.jpg 8w\" data-sizes=\"(max-width: 417px) 100vw, 417px\" data-aspect=\"0.66613418530351\" \/>\t\t\t\t\t\t\t\t\t\t\t\t\t\t\t<\/div>\n\t\t\t\t<\/div>\n\t\t\t\t\t<\/div>\n\t\t<\/div>\n\t\t\t\t\t<\/div>\n\t\t<\/section>\n\t\t\t\t<section class=\"elementor-section elementor-top-section elementor-element elementor-element-2a958fd0 elementor-section-boxed elementor-section-height-default elementor-section-height-default\" data-id=\"2a958fd0\" data-element_type=\"section\" data-e-type=\"section\" data-settings=\"{&quot;background_background&quot;:&quot;classic&quot;}\">\n\t\t\t\t\t\t<div class=\"elementor-container elementor-column-gap-default\">\n\t\t\t\t\t<div class=\"elementor-column elementor-col-100 elementor-top-column elementor-element elementor-element-7ce6370f\" data-id=\"7ce6370f\" data-element_type=\"column\" data-e-type=\"column\">\n\t\t\t<div class=\"elementor-widget-wrap elementor-element-populated\">\n\t\t\t\t\t\t<section class=\"elementor-section elementor-inner-section elementor-element elementor-element-1ee085ae elementor-section-boxed elementor-section-height-default elementor-section-height-default\" data-id=\"1ee085ae\" data-element_type=\"section\" data-e-type=\"section\">\n\t\t\t\t\t\t<div class=\"elementor-container elementor-column-gap-default\">\n\t\t\t\t\t<div class=\"elementor-column elementor-col-33 elementor-inner-column elementor-element elementor-element-5dab0aae\" data-id=\"5dab0aae\" data-element_type=\"column\" data-e-type=\"column\">\n\t\t\t<div class=\"elementor-widget-wrap elementor-element-populated\">\n\t\t\t\t\t\t<div class=\"elementor-element elementor-element-8fb0af3 elementor-widget__width-auto elementor-align-left elementor-widget elementor-widget-ld_icon_box\" data-id=\"8fb0af3\" data-element_type=\"widget\" data-e-type=\"widget\" data-widget_type=\"ld_icon_box.default\">\n\t\t\t\t<div class=\"elementor-widget-container\">\n\t\t\t\t\t\n\t\t\t<div id=\"ld_icon_box_8fb0af3\" class=\"iconbox d-flex flex-grow-1 pos-rel flex-wrap align-items-center iconbox-inline\"   >\n\n\t\t\t\t\n\t\t\t\t<div class=\"iconbox-icon-wrap\"><div class=\"iconbox-icon-container d-inline-flex\"><svg xmlns=\"http:\/\/www.w3.org\/2000\/svg\" width=\"21\" height=\"20\" viewbox=\"0 0 21 20\" fill=\"currentColor\"><mask id=\"mask0_1_198\" style=\"mask-type:alpha\" maskunits=\"userSpaceOnUse\" x=\"0\" y=\"0\" width=\"21\" height=\"20\"><rect x=\"0.898804\" width=\"20\" height=\"20\"><\/rect><\/mask><g mask=\"url(#mask0_1_198)\"><path d=\"M9.82026 12.7115L14.5061 8.04646L13.7321 7.27251L9.82026 11.1635L8.04943 9.41355L7.27547 10.1875L9.82026 12.7115ZM10.9003 17.5833C9.86082 17.5833 8.88019 17.386 7.95838 16.9913C7.03658 16.5965 6.22977 16.0534 5.53797 15.3619C4.84616 14.6704 4.30276 13.8639 3.90776 12.9425C3.5129 12.0211 3.31547 11.0408 3.31547 10.0015C3.31547 8.94813 3.51283 7.96403 3.90755 7.04917C4.30227 6.13431 4.8454 5.33098 5.53693 4.63917C6.22845 3.94737 7.03491 3.40396 7.9563 3.00896C8.87769 2.6141 9.85804 2.41667 10.8973 2.41667C11.9507 2.41667 12.9348 2.61403 13.8496 3.00875C14.7645 3.40348 15.5678 3.9466 16.2596 4.63813C16.9514 5.32966 17.4948 6.13264 17.8898 7.04709C18.2847 7.96153 18.4821 8.94535 18.4821 9.99855C18.4821 11.038 18.2848 12.0186 17.8901 12.9404C17.4953 13.8622 16.9522 14.669 16.2607 15.3608C15.5691 16.0526 14.7662 16.596 13.8517 16.991C12.9373 17.3859 11.9535 17.5833 10.9003 17.5833ZM10.8988 16.5C12.7044 16.5 14.2391 15.8681 15.503 14.6042C16.7669 13.3403 17.3988 11.8056 17.3988 10C17.3988 8.19445 16.7669 6.65973 15.503 5.39584C14.2391 4.13195 12.7044 3.50001 10.8988 3.50001C9.09325 3.50001 7.55852 4.13195 6.29463 5.39584C5.03075 6.65973 4.3988 8.19445 4.3988 10C4.3988 11.8056 5.03075 13.3403 6.29463 14.6042C7.55852 15.8681 9.09325 16.5 10.8988 16.5Z\"><\/path><\/g><\/svg><\/div><\/div>\n\t\t\t\t<p class=\"lqd-iconbox-heading\" >Conseils professionnels <\/p>\n\t\t\t\t\n\t\t\t\t\n\t\t\t\t\t\t\t\t<p><\/p>\n\t\t\t\t\n\t\t\t\t\n\t\t\t\t\n\t\t\t<\/div>\n\n\t\t\t\t\t\t<\/div>\n\t\t\t\t<\/div>\n\t\t\t\t<div class=\"elementor-element elementor-element-0c2abc5 elementor-widget__width-initial elementor-widget elementor-widget-hub_fancy_heading\" data-id=\"0c2abc5\" data-element_type=\"widget\" data-e-type=\"widget\" data-widget_type=\"hub_fancy_heading.default\">\n\t\t\t\t<div class=\"elementor-widget-container\">\n\t\t\t\t\t\n\t\t<div id=\"ld-fancy-heading-69e736ca9e17c\" class=\"ld-fancy-heading pos-rel\">\n\t\t\t<p class=\"ld-fh-element d-inline-block pos-rel  lqd-highlight-classic lqd-highlight-grow-left p\"  > Nous sommes l\u00e0 pour vous aider \u00e0 atteindre vos objectifs commerciaux avec des conseils d\u2019experts et des solutions sur mesure. <\/p>\t\t<\/div>\n\n\t\t\t\t\t\t<\/div>\n\t\t\t\t<\/div>\n\t\t\t\t\t<\/div>\n\t\t<\/div>\n\t\t\t\t<div class=\"elementor-column elementor-col-33 elementor-inner-column elementor-element elementor-element-5eb0339d\" data-id=\"5eb0339d\" data-element_type=\"column\" data-e-type=\"column\">\n\t\t\t<div class=\"elementor-widget-wrap elementor-element-populated\">\n\t\t\t\t\t\t<div class=\"elementor-element elementor-element-4a797e5 elementor-widget__width-auto elementor-align-left elementor-widget elementor-widget-ld_icon_box\" data-id=\"4a797e5\" data-element_type=\"widget\" data-e-type=\"widget\" data-widget_type=\"ld_icon_box.default\">\n\t\t\t\t<div class=\"elementor-widget-container\">\n\t\t\t\t\t\n\t\t\t<div id=\"ld_icon_box_4a797e5\" class=\"iconbox d-flex flex-grow-1 pos-rel flex-wrap align-items-center iconbox-inline\"   >\n\n\t\t\t\t\n\t\t\t\t<div class=\"iconbox-icon-wrap\"><div class=\"iconbox-icon-container d-inline-flex\"><svg xmlns=\"http:\/\/www.w3.org\/2000\/svg\" width=\"21\" height=\"20\" viewbox=\"0 0 21 20\" fill=\"currentColor\"><mask id=\"mask0_1_198\" style=\"mask-type:alpha\" maskunits=\"userSpaceOnUse\" x=\"0\" y=\"0\" width=\"21\" height=\"20\"><rect x=\"0.898804\" width=\"20\" height=\"20\"><\/rect><\/mask><g mask=\"url(#mask0_1_198)\"><path d=\"M9.82026 12.7115L14.5061 8.04646L13.7321 7.27251L9.82026 11.1635L8.04943 9.41355L7.27547 10.1875L9.82026 12.7115ZM10.9003 17.5833C9.86082 17.5833 8.88019 17.386 7.95838 16.9913C7.03658 16.5965 6.22977 16.0534 5.53797 15.3619C4.84616 14.6704 4.30276 13.8639 3.90776 12.9425C3.5129 12.0211 3.31547 11.0408 3.31547 10.0015C3.31547 8.94813 3.51283 7.96403 3.90755 7.04917C4.30227 6.13431 4.8454 5.33098 5.53693 4.63917C6.22845 3.94737 7.03491 3.40396 7.9563 3.00896C8.87769 2.6141 9.85804 2.41667 10.8973 2.41667C11.9507 2.41667 12.9348 2.61403 13.8496 3.00875C14.7645 3.40348 15.5678 3.9466 16.2596 4.63813C16.9514 5.32966 17.4948 6.13264 17.8898 7.04709C18.2847 7.96153 18.4821 8.94535 18.4821 9.99855C18.4821 11.038 18.2848 12.0186 17.8901 12.9404C17.4953 13.8622 16.9522 14.669 16.2607 15.3608C15.5691 16.0526 14.7662 16.596 13.8517 16.991C12.9373 17.3859 11.9535 17.5833 10.9003 17.5833ZM10.8988 16.5C12.7044 16.5 14.2391 15.8681 15.503 14.6042C16.7669 13.3403 17.3988 11.8056 17.3988 10C17.3988 8.19445 16.7669 6.65973 15.503 5.39584C14.2391 4.13195 12.7044 3.50001 10.8988 3.50001C9.09325 3.50001 7.55852 4.13195 6.29463 5.39584C5.03075 6.65973 4.3988 8.19445 4.3988 10C4.3988 11.8056 5.03075 13.3403 6.29463 14.6042C7.55852 15.8681 9.09325 16.5 10.8988 16.5Z\"><\/path><\/g><\/svg><\/div><\/div>\n\t\t\t\t<p class=\"lqd-iconbox-heading\" >Pour consultation <\/p>\n\t\t\t\t\n\t\t\t\t\n\t\t\t\t\t\t\t\t<p><\/p>\n\t\t\t\t\n\t\t\t\t\n\t\t\t\t\n\t\t\t<\/div>\n\n\t\t\t\t\t\t<\/div>\n\t\t\t\t<\/div>\n\t\t\t\t<div class=\"elementor-element elementor-element-29396d6 elementor-widget elementor-widget-hub_fancy_heading\" data-id=\"29396d6\" data-element_type=\"widget\" data-e-type=\"widget\" data-widget_type=\"hub_fancy_heading.default\">\n\t\t\t\t<div class=\"elementor-widget-container\">\n\t\t\t\t\t\n\t\t<div id=\"ld-fancy-heading-69e736caa0f41\" class=\"ld-fancy-heading pos-rel\">\n\t\t\t<p class=\"ld-fh-element d-inline-block pos-rel  lqd-highlight-classic lqd-highlight-grow-left p\"  > Vous avez un projet en t\u00eate\u00a0? Appelez-nous.<\/p>\t\t<\/div>\n\n\t\t\t\t\t\t<\/div>\n\t\t\t\t<\/div>\n\t\t\t\t<div class=\"elementor-element elementor-element-ee12273 elementor-widget elementor-widget-hub_fancy_heading\" data-id=\"ee12273\" data-element_type=\"widget\" data-e-type=\"widget\" data-widget_type=\"hub_fancy_heading.default\">\n\t\t\t\t<div class=\"elementor-widget-container\">\n\t\t\t\t\t\n\t\t<div id=\"ld-fancy-heading-69e736caa1af9\" class=\"ld-fancy-heading pos-rel\">\n\t\t\t<p class=\"ld-fh-element d-inline-block pos-rel  lqd-highlight-classic lqd-highlight-grow-left p\"  > +971 58 553 5384<\/p>\t\t<\/div>\n\n\t\t\t\t\t\t<\/div>\n\t\t\t\t<\/div>\n\t\t\t\t\t<\/div>\n\t\t<\/div>\n\t\t\t\t<div class=\"elementor-column elementor-col-33 elementor-inner-column elementor-element elementor-element-4ef7d5e8\" data-id=\"4ef7d5e8\" data-element_type=\"column\" data-e-type=\"column\">\n\t\t\t<div class=\"elementor-widget-wrap elementor-element-populated\">\n\t\t\t\t\t\t<div class=\"elementor-element elementor-element-18adb23 elementor-widget__width-auto elementor-align-left elementor-widget elementor-widget-ld_icon_box\" data-id=\"18adb23\" data-element_type=\"widget\" data-e-type=\"widget\" data-widget_type=\"ld_icon_box.default\">\n\t\t\t\t<div class=\"elementor-widget-container\">\n\t\t\t\t\t\n\t\t\t<div id=\"ld_icon_box_18adb23\" class=\"iconbox d-flex flex-grow-1 pos-rel flex-wrap align-items-center iconbox-inline\"   >\n\n\t\t\t\t\n\t\t\t\t<div class=\"iconbox-icon-wrap\"><div class=\"iconbox-icon-container d-inline-flex\"><svg xmlns=\"http:\/\/www.w3.org\/2000\/svg\" width=\"21\" height=\"20\" viewbox=\"0 0 21 20\" fill=\"currentColor\"><mask id=\"mask0_1_198\" style=\"mask-type:alpha\" maskunits=\"userSpaceOnUse\" x=\"0\" y=\"0\" width=\"21\" height=\"20\"><rect x=\"0.898804\" width=\"20\" height=\"20\"><\/rect><\/mask><g mask=\"url(#mask0_1_198)\"><path d=\"M9.82026 12.7115L14.5061 8.04646L13.7321 7.27251L9.82026 11.1635L8.04943 9.41355L7.27547 10.1875L9.82026 12.7115ZM10.9003 17.5833C9.86082 17.5833 8.88019 17.386 7.95838 16.9913C7.03658 16.5965 6.22977 16.0534 5.53797 15.3619C4.84616 14.6704 4.30276 13.8639 3.90776 12.9425C3.5129 12.0211 3.31547 11.0408 3.31547 10.0015C3.31547 8.94813 3.51283 7.96403 3.90755 7.04917C4.30227 6.13431 4.8454 5.33098 5.53693 4.63917C6.22845 3.94737 7.03491 3.40396 7.9563 3.00896C8.87769 2.6141 9.85804 2.41667 10.8973 2.41667C11.9507 2.41667 12.9348 2.61403 13.8496 3.00875C14.7645 3.40348 15.5678 3.9466 16.2596 4.63813C16.9514 5.32966 17.4948 6.13264 17.8898 7.04709C18.2847 7.96153 18.4821 8.94535 18.4821 9.99855C18.4821 11.038 18.2848 12.0186 17.8901 12.9404C17.4953 13.8622 16.9522 14.669 16.2607 15.3608C15.5691 16.0526 14.7662 16.596 13.8517 16.991C12.9373 17.3859 11.9535 17.5833 10.9003 17.5833ZM10.8988 16.5C12.7044 16.5 14.2391 15.8681 15.503 14.6042C16.7669 13.3403 17.3988 11.8056 17.3988 10C17.3988 8.19445 16.7669 6.65973 15.503 5.39584C14.2391 4.13195 12.7044 3.50001 10.8988 3.50001C9.09325 3.50001 7.55852 4.13195 6.29463 5.39584C5.03075 6.65973 4.3988 8.19445 4.3988 10C4.3988 11.8056 5.03075 13.3403 6.29463 14.6042C7.55852 15.8681 9.09325 16.5 10.8988 16.5Z\"><\/path><\/g><\/svg><\/div><\/div>\n\t\t\t\t<p class=\"lqd-iconbox-heading\" >Carri\u00e8res <\/p>\n\t\t\t\t\n\t\t\t\t\n\t\t\t\t\t\t\t\t<p><\/p>\n\t\t\t\t\n\t\t\t\t\n\t\t\t\t\n\t\t\t<\/div>\n\n\t\t\t\t\t\t<\/div>\n\t\t\t\t<\/div>\n\t\t\t\t<div class=\"elementor-element elementor-element-af87f1c elementor-widget elementor-widget-hub_fancy_heading\" data-id=\"af87f1c\" data-element_type=\"widget\" data-e-type=\"widget\" data-widget_type=\"hub_fancy_heading.default\">\n\t\t\t\t<div class=\"elementor-widget-container\">\n\t\t\t\t\t\n\t\t<div id=\"ld-fancy-heading-69e736caa4ac2\" class=\"ld-fancy-heading pos-rel\">\n\t\t\t<p class=\"ld-fh-element d-inline-block pos-rel  lqd-highlight-classic lqd-highlight-grow-left p\"  > Souhaitez-vous rejoindre notre \u00e9quipe en pleine croissance ?<\/p>\t\t<\/div>\n\n\t\t\t\t\t\t<\/div>\n\t\t\t\t<\/div>\n\t\t\t\t<div class=\"elementor-element elementor-element-5ae2d9c elementor-widget elementor-widget-hub_fancy_heading\" data-id=\"5ae2d9c\" data-element_type=\"widget\" data-e-type=\"widget\" data-widget_type=\"hub_fancy_heading.default\">\n\t\t\t\t<div class=\"elementor-widget-container\">\n\t\t\t\t\t\n\t\t<div id=\"ld-fancy-heading-69e736caa5455\" class=\"ld-fancy-heading pos-rel\">\n\t\t\t<p class=\"ld-fh-element d-inline-block pos-rel  lqd-highlight-classic lqd-highlight-grow-left p\"  > Team@bpinnovates.com<\/p>\t\t<\/div>\n\n\t\t\t\t\t\t<\/div>\n\t\t\t\t<\/div>\n\t\t\t\t\t<\/div>\n\t\t<\/div>\n\t\t\t\t\t<\/div>\n\t\t<\/section>\n\t\t\t\t\t<\/div>\n\t\t<\/div>\n\t\t\t\t\t<\/div>\n\t\t<\/section>\n\t\t\t\t<section class=\"elementor-section elementor-top-section elementor-element elementor-element-2b1cc54b elementor-section-full_width elementor-section-height-default elementor-section-height-default\" data-id=\"2b1cc54b\" data-element_type=\"section\" data-e-type=\"section\" data-settings=\"{&quot;background_background&quot;:&quot;classic&quot;}\">\n\t\t\t\t\t\t<div class=\"elementor-container elementor-column-gap-default\">\n\t\t\t\t\t<div class=\"elementor-column elementor-col-100 elementor-top-column elementor-element elementor-element-12ab98bb\" data-id=\"12ab98bb\" data-element_type=\"column\" data-e-type=\"column\">\n\t\t\t<div class=\"elementor-widget-wrap elementor-element-populated\">\n\t\t\t\t\t\t<div class=\"elementor-element elementor-element-25cfae93 elementor-widget elementor-widget-ld_google_map\" data-id=\"25cfae93\" data-element_type=\"widget\" data-e-type=\"widget\" data-widget_type=\"ld_google_map.default\">\n\t\t\t\t<div class=\"elementor-widget-container\">\n\t\t\t\t\t\n\t\t\t<div class=\"ld-gmap-container pos-rel\">\n\t\t\t\t<div class=\"ld-gmap h-100\" data-plugin-map=\"true\" data-plugin-options='{\"style\":\"blueEssence\",\"address\":\"New York\",\"marker_style\":\"html\",\"markers\":null,\"map\":{\"zoom\":14,\"mapTypeId\":\"roadmap\",\"fullscreenControl\":true}}'><\/div>\n\n\t\t\t\t\n\t\t\t<\/div>\n\n\t\t\t\t\t\t<\/div>\n\t\t\t\t<\/div>\n\t\t\t\t<section class=\"elementor-section elementor-inner-section elementor-element elementor-element-48d96ff0 elementor-section-boxed elementor-section-height-default elementor-section-height-default\" data-id=\"48d96ff0\" data-element_type=\"section\" data-e-type=\"section\" data-settings=\"{&quot;background_background&quot;:&quot;classic&quot;}\">\n\t\t\t\t\t\t\t<div class=\"elementor-background-overlay\"><\/div>\n\t\t\t\t\t\t\t<div class=\"elementor-container elementor-column-gap-default\">\n\t\t\t\t\t<div class=\"elementor-column elementor-col-100 elementor-inner-column elementor-element elementor-element-1b4d5be1\" data-id=\"1b4d5be1\" data-element_type=\"column\" data-e-type=\"column\" data-settings=\"{&quot;background_background&quot;:&quot;classic&quot;}\">\n\t\t\t<div class=\"elementor-widget-wrap elementor-element-populated\">\n\t\t\t\t\t\t<div class=\"elementor-element elementor-element-74a1cbe elementor-widget elementor-widget-hub_fancy_heading\" data-id=\"74a1cbe\" data-element_type=\"widget\" data-e-type=\"widget\" data-widget_type=\"hub_fancy_heading.default\">\n\t\t\t\t<div class=\"elementor-widget-container\">\n\t\t\t\t\t\n\t\t<div id=\"ld-fancy-heading-69e736caac64f\" class=\"ld-fancy-heading pos-rel\">\n\t\t\t<h3 class=\"ld-fh-element d-inline-block pos-rel  elementor-heading-title lqd-highlight-classic lqd-highlight-grow-left h3\"  > Envoyer un message<\/h3>\t\t<\/div>\n\n\t\t\t\t\t\t<\/div>\n\t\t\t\t<\/div>\n\t\t\t\t<div class=\"elementor-element elementor-element-58301660 elementor-widget elementor-widget-ld_cf722\" data-id=\"58301660\" data-element_type=\"widget\" data-e-type=\"widget\" data-widget_type=\"ld_cf722.default\">\n\t\t\t\t<div class=\"elementor-widget-container\">\n\t\t\t\t\t\n\t<div class=\"lqd-contact-form   lqd-contact-form-inputs-circle lqd-contact-form-button-block  lqd-contact-form-button-lg lqd-contact-form-button-circle  lqd-contact-form-inputs-lg\">\n\t\t\n<div class=\"wpcf7 no-js\" id=\"wpcf7-f11-o1\" lang=\"en-US\" dir=\"ltr\" data-wpcf7-id=\"11\">\n<div class=\"screen-reader-response\"><p role=\"status\" aria-live=\"polite\" aria-atomic=\"true\"><\/p> <ul><\/ul><\/div>\n<form action=\"\/fr\/wp-json\/wp\/v2\/pages\/5952#wpcf7-f11-o1\" method=\"post\" class=\"wpcf7-form init\" aria-label=\"Contact form\" novalidate=\"novalidate\" data-status=\"init\" data-trp-original-action=\"\/fr\/wp-json\/wp\/v2\/pages\/5952#wpcf7-f11-o1\">\n<fieldset class=\"hidden-fields-container\"><input type=\"hidden\" name=\"_wpcf7\" value=\"11\" \/><input type=\"hidden\" name=\"_wpcf7_version\" value=\"6.1.5\" \/><input type=\"hidden\" name=\"_wpcf7_locale\" value=\"en_US\" \/><input type=\"hidden\" name=\"_wpcf7_unit_tag\" value=\"wpcf7-f11-o1\" \/><input type=\"hidden\" name=\"_wpcf7_container_post\" value=\"0\" \/><input type=\"hidden\" name=\"_wpcf7_posted_data_hash\" value=\"\" \/>\n<\/fieldset>\n<p><label> Votre nom<br \/>\n<span class=\"wpcf7-form-control-wrap\" data-name=\"your-name\"><input size=\"40\" maxlength=\"400\" class=\"wpcf7-form-control wpcf7-text wpcf7-validates-as-required\" autocomplete=\"name\" aria-required=\"true\" aria-invalid=\"false\" value=\"\" type=\"text\" name=\"your-name\" \/><\/span> <\/label>\n<\/p>\n<p><label> Votre email<br \/>\n<span class=\"wpcf7-form-control-wrap\" data-name=\"your-email\"><input size=\"40\" maxlength=\"400\" class=\"wpcf7-form-control wpcf7-email wpcf7-validates-as-required wpcf7-text wpcf7-validates-as-email\" autocomplete=\"email\" aria-required=\"true\" aria-invalid=\"false\" value=\"\" type=\"email\" name=\"your-email\" \/><\/span> <\/label>\n<\/p>\n<p><label> Sujet<br \/>\n<span class=\"wpcf7-form-control-wrap\" data-name=\"your-subject\"><input size=\"40\" maxlength=\"400\" class=\"wpcf7-form-control wpcf7-text wpcf7-validates-as-required\" aria-required=\"true\" aria-invalid=\"false\" value=\"\" type=\"text\" name=\"your-subject\" \/><\/span> <\/label>\n<\/p>\n<p><label> Votre message (facultatif)<br \/>\n<span class=\"wpcf7-form-control-wrap\" data-name=\"your-message\"><textarea cols=\"40\" rows=\"10\" maxlength=\"2000\" class=\"wpcf7-form-control wpcf7-textarea\" aria-invalid=\"false\" name=\"your-message\"><\/textarea><\/span> <\/label>\n<\/p>\n<p><input class=\"wpcf7-form-control wpcf7-submit has-spinner\" type=\"submit\" value=\"Soumettre\" \/>\n<\/p><p style=\"display: none !important;\" class=\"akismet-fields-container\" data-prefix=\"_wpcf7_ak_\"><label>&#916;<textarea name=\"_wpcf7_ak_hp_textarea\" cols=\"45\" rows=\"8\" maxlength=\"100\"><\/textarea><\/label><input type=\"hidden\" id=\"ak_js_1\" name=\"_wpcf7_ak_js\" value=\"190\"\/><script>document.getElementById( \"ak_js_1\" ).setAttribute( \"value\", ( new Date() ).getTime() );<\/script><\/p><div class=\"wpcf7-response-output\" aria-hidden=\"true\"><\/div>\n<input type=\"hidden\" name=\"trp-form-language\" value=\"fr\"\/><\/form>\n<\/div>\n\t<\/div>\n\n\t\t\t\t\t<\/div>\n\t\t\t\t<\/div>\n\t\t\t\t\t<\/div>\n\t\t<\/div>\n\t\t\t\t\t<\/div>\n\t\t<\/section>\n\t\t\t\t\t<\/div>\n\t\t<\/div>\n\t\t\t\t\t<\/div>\n\t\t<\/section>\n\t\t\t\t<\/div>","protected":false},"excerpt":{"rendered":"<p>Contact us We offer a range of comprehensive business consultation services tailored to meet the unique needs of your organization. We build good experiences for our clients, our partners, our team, our subcontractors, and our community. Professional Advice We\u2019re here to help you achieve your business goals with expert guidance and tailored solutions. For Consultation [&hellip;]<\/p>\n","protected":false},"author":1,"featured_media":0,"parent":0,"menu_order":0,"comment_status":"closed","ping_status":"closed","template":"","meta":{"footnotes":""},"class_list":["post-5952","page","type-page","status-publish","hentry"],"_links":{"self":[{"href":"https:\/\/bpinnovates.com\/fr\/wp-json\/wp\/v2\/pages\/5952","targetHints":{"allow":["GET"]}}],"collection":[{"href":"https:\/\/bpinnovates.com\/fr\/wp-json\/wp\/v2\/pages"}],"about":[{"href":"https:\/\/bpinnovates.com\/fr\/wp-json\/wp\/v2\/types\/page"}],"author":[{"embeddable":true,"href":"https:\/\/bpinnovates.com\/fr\/wp-json\/wp\/v2\/users\/1"}],"replies":[{"embeddable":true,"href":"https:\/\/bpinnovates.com\/fr\/wp-json\/wp\/v2\/comments?post=5952"}],"version-history":[{"count":33,"href":"https:\/\/bpinnovates.com\/fr\/wp-json\/wp\/v2\/pages\/5952\/revisions"}],"predecessor-version":[{"id":10941,"href":"https:\/\/bpinnovates.com\/fr\/wp-json\/wp\/v2\/pages\/5952\/revisions\/10941"}],"wp:attachment":[{"href":"https:\/\/bpinnovates.com\/fr\/wp-json\/wp\/v2\/media?parent=5952"}],"curies":[{"name":"wp","href":"https:\/\/api.w.org\/{rel}","templated":true}]}}